{"id":11246,"date":"2024-07-10T09:34:09","date_gmt":"2024-07-10T06:34:09","guid":{"rendered":"https:\/\/simtel.ro\/cookie-policy\/"},"modified":"2025-07-14T14:02:32","modified_gmt":"2025-07-14T11:02:32","slug":"cookie-policy","status":"publish","type":"page","link":"https:\/\/simtel.ro\/en\/cookie-policy\/","title":{"rendered":"Cookies Policy"},"content":{"rendered":"\t\t<div data-elementor-type=\"wp-page\" data-elementor-id=\"11246\" class=\"elementor elementor-11246 elementor-7496\" data-elementor-post-type=\"page\">\n\t\t\t\t<div class=\"elementor-element elementor-element-54973ef3 e-flex e-con-boxed e-con e-parent\" data-id=\"54973ef3\" data-element_type=\"container\" data-settings=\"{&quot;jet_parallax_layout_list&quot;:[]}\">\n\t\t\t\t\t<div class=\"e-con-inner\">\n\t\t\t\t<div class=\"elementor-element elementor-element-d9b14c0 elementor-widget elementor-widget-text-editor\" data-id=\"d9b14c0\" data-element_type=\"widget\" data-widget_type=\"text-editor.default\">\n\t\t\t\t<div class=\"elementor-widget-container\">\n\t\t\t<style>\/*! elementor - v3.23.0 - 05-08-2024 *\/\n.elementor-widget-text-editor.elementor-drop-cap-view-stacked .elementor-drop-cap{background-color:#69727d;color:#fff}.elementor-widget-text-editor.elementor-drop-cap-view-framed .elementor-drop-cap{color:#69727d;border:3px solid;background-color:transparent}.elementor-widget-text-editor:not(.elementor-drop-cap-view-default) .elementor-drop-cap{margin-top:8px}.elementor-widget-text-editor:not(.elementor-drop-cap-view-default) .elementor-drop-cap-letter{width:1em;height:1em}.elementor-widget-text-editor .elementor-drop-cap{float:left;text-align:center;line-height:1;font-size:50px}.elementor-widget-text-editor .elementor-drop-cap-letter{display:inline-block}<\/style>\t\t\t\t<p>This Cookie Policy was last updated on <span style=\"text-decoration: underline;\"><em>10.07.2024 <\/em><\/span>and applies to citizens and permanent residents of the European Economic Area and Switzerland.<\/p>\n<h3> <\/h3>\n<h3><strong>1. Introducere<\/strong><\/h3>\n<p>Our site, <a href=\"https:\/\/simtel.ro\/en\/\">https:\/\/simtel.ro<\/a> (hereinafter referred to as \u201e\u201d website), uses cookies and other similar technologies (for convenience, all technologies are hereinafter called \u201ecookies\u201d). Cookies are also placed by the third parties we work with. In the document below we inform you about how we use cookies on our website.  <\/p>\n<h3><strong>2. Ce sunt cookie-urile?<\/strong><\/h3>\n<p>Un cookie este un fi\u0219ier simplu, de mici dimensiuni, care este trimis \u00eempreun\u0103 cu paginile acestui site web \u0219i stocat de navigatorul t\u0103u pe hard diskul computerului sau al altui dispozitiv. Informa\u021biile stocate acolo pot fi trimise \u00eenapoi c\u0103tre serverele noastre sau serverele ter\u021bilor relevan\u021bi, \u00een timpul unei vizite ulterioare. <\/p>\n<h3><strong>3. Ce sunt scripturile?<\/strong><\/h3>\n<p>Un script este un fragment de cod (de program), utilizat pentru ca site-ul nostru s\u0103 func\u021bioneze corect \u0219i interactiv. Acest cod este executat pe serverul nostru sau pe dispozitivul t\u0103u. <\/p>\n<h3><strong>4. Ce este un web beacon?<\/strong><\/h3>\n<p>Un \u201eweb beacon\u201d (sau un \u201epixel tag\u201d, adic\u0103 o etichet\u0103-pixel) este un mic fragment invizibil de text, sau o imagine, care este plasat\u0103 pe un site web pentru a monitoriza traficul. Pentru realizarea monitoriz\u0103rii traficului, web beacon-urile pot stoca diverse date despre tine. <\/p>\n<h3><strong>5. Cookie-uri<\/strong><\/h3>\n<p><strong>5.1 Cookie-uri tehnice sau func\u021bionale<\/strong><\/p>\n<p>Unele cookie-uri se asigur\u0103 c\u0103 anumite p\u0103r\u021bi ale site-ului func\u021bioneaz\u0103 corect \u0219i c\u0103 preferin\u021bele tale de utilizator r\u0103m\u00e2n cunoscute. Prin plasarea cookie-urilor func\u021bionale, \u00ee\u021bi este mai u\u0219or s\u0103 vizitezi site-ul nostru. \u00cen acest fel, nu trebuie s\u0103 introduci \u00een mod repetat acelea\u0219i informa\u021bii atunci c\u00e2nd vizitezi site-ul nostru \u0219i, de exemplu, articolele r\u0103m\u00e2n \u00een co\u0219ul de cump\u0103r\u0103turi p\u00e2n\u0103 c\u00e2nd pl\u0103te\u0219ti. Putem plasa aceste cookie-uri f\u0103r\u0103 consim\u021b\u0103m\u00e2ntul t\u0103u.   <\/p>\n<p><strong>5.2 Cookie-uri pentru marketing\/urm\u0103rire<\/strong><\/p>\n<p>Cookie-urile de marketing\/urm\u0103rire sunt cookie-uri (sau orice alt\u0103 form\u0103 de stocare local\u0103), utilizate \u00een crearea profilurilor de utilizator, pentru a afi\u0219a publicitate sau pentru a urm\u0103ri utilizatorul pe acest site ori pe mai multe site-uri, \u00een scopuri de marketing similare.<\/p>\n<p><strong>5.3 Media social\u0103<\/strong><\/p>\n<p>Pe site-ul nostru web, am inclus con\u021binut de la LinkedIn, Facebook \u0219i Instagram pentru a promova pagini web (de exemplu, \u201elike\u201d, \u201epin\u201d) sau a le distribui (de exemplu, \u201etweet\u201d) pe re\u021bele sociale precum LinkedIn, Facebook \u0219i Instagram. Acest con\u021binut este \u00eencorporat cu cod derivat din LinkedIn, Facebook \u0219i Instagram \u0219i plaseaz\u0103 cookie-uri. Acest con\u021binut poate stoca \u0219i procesa anumite informa\u021bii pentru publicitate personalizat\u0103.  <\/p>\n<p>Te rug\u0103m s\u0103 cite\u0219ti declara\u021bia de confiden\u021bialitate a acestor re\u021bele sociale (care se pot modifica \u00een mod regulat) pentru a afla ce fac cu datele tale (personale) pe care le proceseaz\u0103 folosind aceste cookie-uri. Datele preluate sunt anonimizate pe c\u00e2t de mult posibil. LinkedIn, Facebook \u0219i Instagram se afl\u0103 \u00een Statele Unite.  <\/p>\n<h3><strong>6. Cookie-uri plasate<\/strong><\/h3>\n<p><strong>Elementor<\/strong><\/p>\n<ul>\n<li>Statistici (anonim)\n<ul>\n<li>Consent to service elementor<\/li>\n<\/ul>\n<\/li>\n<\/ul>\n<p><strong>Utilizare<\/strong><\/p>\n<ul>\n<li>Folosim Elementor pentru content creation. Cite\u0219te mai mult <\/li>\n<\/ul>\n<p><strong>Partajarea datelor<\/strong><\/p>\n<ul>\n<li>Aceste date nu sunt partajate cu ter\u021bi.<\/li>\n<\/ul>\n<p><strong>Statistici (anonim)<\/strong><\/p>\n<ul>\n<li>Nume: elementor<\/li>\n<li>Expirare: persistent<\/li>\n<li>Func\u021bie: Store performed actions on the website<\/li>\n<\/ul>\n<p><strong>WordPress<\/strong><\/p>\n<ul>\n<li>Func\u021bional\n<ul>\n<li>Consent to service wordpress<\/li>\n<\/ul>\n<\/li>\n<\/ul>\n<p><strong>Utilizare<\/strong><\/p>\n<ul>\n<li>Folosim WordPress pentru website development. Cite\u0219te mai mult <\/li>\n<\/ul>\n<p><strong>Partajarea datelor<\/strong><\/p>\n<ul>\n<li>Aceste date nu sunt partajate cu ter\u021bi.<\/li>\n<\/ul>\n<p><strong>Func\u021bional<\/strong><\/p>\n<ul>\n<li>Nume: wpEmojiSettingsSupports<\/li>\n<li>Expirare: sesiune<\/li>\n<li>Func\u021bie: Stocheaz\u0103 detaliile browser-ului<\/li>\n<\/ul>\n<p><strong>Google Fonts<\/strong><\/p>\n<ul>\n<li>Scop \u00een curs de investigare\n<ul>\n<li>Consent to service google-fonts<\/li>\n<\/ul>\n<\/li>\n<\/ul>\n<p><strong>Utilizare<\/strong><\/p>\n<ul>\n<li>Folosim Google Fonts pentru display of webfonts. Cite\u0219te mai mult <\/li>\n<\/ul>\n<p><strong>Partajarea datelor<\/strong><\/p>\n<ul>\n<li>Pentru mai multe informa\u021bii, te rog cite\u0219te Declara\u021bia de confiden\u021bialitate Google Fonts.<\/li>\n<\/ul>\n<p><strong>Scop \u00een curs de investigare<\/strong><\/p>\n<ul>\n<li>Nume: Google Fonts API<\/li>\n<li>Expirare:<\/li>\n<li>Func\u021bie:<\/li>\n<\/ul>\n<p><strong>Facebook<\/strong><\/p>\n<ul>\n<li>Scop \u00een curs de investigare\n<ul>\n<li>Consent to service facebook<\/li>\n<\/ul>\n<\/li>\n<\/ul>\n<p><strong>Utilizare<\/strong><\/p>\n<ul>\n<li>Folosim Facebook pentru display of recent social posts and\/or social share buttons. Cite\u0219te mai mult <\/li>\n<\/ul>\n<p><strong>Partajarea datelor<\/strong><\/p>\n<ul>\n<li>Pentru mai multe informa\u021bii, te rog cite\u0219te Declara\u021bia de confiden\u021bialitate Facebook.<\/li>\n<\/ul>\n<p><strong>Scop \u00een curs de investigare<\/strong><\/p>\n<ul>\n<li>Nume: _js_datr<\/li>\n<li>Expirare:<\/li>\n<li>Func\u021bie:<\/li>\n<li>Nume: _fbc<\/li>\n<li>Expirare:<\/li>\n<li>Func\u021bie:<\/li>\n<li>Nume: fbm*<\/li>\n<li>Expirare:<\/li>\n<li>Func\u021bie:<\/li>\n<li>Nume: xs<\/li>\n<li>Expirare:<\/li>\n<li>Func\u021bie:<\/li>\n<li>Nume: wd<\/li>\n<li>Expirare:<\/li>\n<li>Func\u021bie:<\/li>\n<li>Nume: fr<\/li>\n<li>Expirare:<\/li>\n<li>Func\u021bie:<\/li>\n<li>Nume: act<\/li>\n<li>Expirare:<\/li>\n<li>Func\u021bie:<\/li>\n<li>Nume: _fbp<\/li>\n<li>Expirare:<\/li>\n<li>Func\u021bie:<\/li>\n<li>Nume: datr<\/li>\n<li>Expirare:<\/li>\n<li>Func\u021bie:<\/li>\n<li>Nume: c_user<\/li>\n<li>Expirare:<\/li>\n<li>Func\u021bie:<\/li>\n<li>Nume: csm<\/li>\n<li>Expirare:<\/li>\n<li>Func\u021bie:<\/li>\n<li>Nume: sb<\/li>\n<li>Expirare:<\/li>\n<li>Func\u021bie:<\/li>\n<li>Nume: actppresence<\/li>\n<li>Expirare:<\/li>\n<li>Func\u021bie:<\/li>\n<li>Nume: *<em>fbm<\/em><\/li>\n<li>Expirare:<\/li>\n<li>Func\u021bie:<\/li>\n<\/ul>\n<p><strong>LinkedIn<\/strong><\/p>\n<ul>\n<li>Scop \u00een curs de investigare\n<ul>\n<li>Consent to service linkedin<\/li>\n<\/ul>\n<\/li>\n<\/ul>\n<p><strong>Utilizare<\/strong><\/p>\n<ul>\n<li>Folosim LinkedIn pentru display of recent social posts and\/or social share buttons. Cite\u0219te mai mult <\/li>\n<\/ul>\n<p><strong>Partajarea datelor<\/strong><\/p>\n<ul>\n<li>Pentru mai multe informa\u021bii, te rog cite\u0219te Declara\u021bia de confiden\u021bialitate LinkedIn.<\/li>\n<\/ul>\n<p><strong>Scop \u00een curs de investigare<\/strong><\/p>\n<ul>\n<li>Nume: sdsc<\/li>\n<li>Expirare:<\/li>\n<li>Func\u021bie:<\/li>\n<li>Nume: lms_ads<\/li>\n<li>Expirare:<\/li>\n<li>Func\u021bie:<\/li>\n<li>Nume: lms_analytics<\/li>\n<li>Expirare:<\/li>\n<li>Func\u021bie:<\/li>\n<li>Nume: _guid<\/li>\n<li>Expirare:<\/li>\n<li>Func\u021bie:<\/li>\n<li>Nume: li_alerts<\/li>\n<li>Expirare:<\/li>\n<li>Func\u021bie:<\/li>\n<li>Nume: li_gc<\/li>\n<li>Expirare:<\/li>\n<li>Func\u021bie:<\/li>\n<li>Nume: AnalyticsSyncHistory<\/li>\n<li>Expirare:<\/li>\n<li>Func\u021bie:<\/li>\n<li>Nume: bcookie<\/li>\n<li>Expirare:<\/li>\n<li>Func\u021bie:<\/li>\n<li>Nume: li-oatml<\/li>\n<li>Expirare:<\/li>\n<li>Func\u021bie:<\/li>\n<li>Nume: BizographicsOptOut<\/li>\n<li>Expirare:<\/li>\n<li>Func\u021bie:<\/li>\n<li>Nume: li_sugr<\/li>\n<li>Expirare:<\/li>\n<li>Func\u021bie:<\/li>\n<li>Nume: UserMatchHistory<\/li>\n<li>Expirare:<\/li>\n<li>Func\u021bie:<\/li>\n<li>Nume: linkedin_oauth_<\/li>\n<li>Expirare:<\/li>\n<li>Func\u021bie:<\/li>\n<li>Nume: lidc<\/li>\n<li>Expirare:<\/li>\n<li>Func\u021bie:<\/li>\n<li>Nume: bscookie<\/li>\n<li>Expirare:<\/li>\n<li>Func\u021bie:<\/li>\n<li>Nume: X-LI-IDC<\/li>\n<li>Expirare:<\/li>\n<li>Func\u021bie:<\/li>\n<\/ul>\n<p><strong>Diverse<\/strong><\/p>\n<ul>\n<li>Scop \u00een curs de investigare\n<ul>\n<li>Consent to service diverse<\/li>\n<\/ul>\n<\/li>\n<\/ul>\n<p><strong>Utilizare<\/strong><\/p>\n<ul>\n<li>Partajarea datelor este \u00een curs de investigare<\/li>\n<\/ul>\n<p><strong>Scop \u00een curs de investigare<\/strong><\/p>\n<ul>\n<li>Nume: e_wp<\/li>\n<li>Expirare:<\/li>\n<li>Func\u021bie:<\/li>\n<li>Nume: i18nextLng<\/li>\n<li>Expirare:<\/li>\n<li>Func\u021bie:<\/li>\n<li>Nume: WP_DATA_USER_2<\/li>\n<li>Expirare:<\/li>\n<li>Func\u021bie:<\/li>\n<li>Nume: e_kit-elements-defaults<\/li>\n<li>Expirare:<\/li>\n<li>Func\u021bie:<\/li>\n<li>Nume: jetDasboardData<\/li>\n<li>Expirare:<\/li>\n<li>Func\u021bie:<\/li>\n<li>Nume: interface-builder<\/li>\n<li>Expirare:<\/li>\n<li>Func\u021bie:<\/li>\n<\/ul>\n<h3><strong>7. Consim\u021b\u0103m\u00e2nt<\/strong><\/h3>\n<p>C\u00e2nd vizitezi pentru prima dat\u0103 site-ul nostru, \u00ee\u021bi vom ar\u0103ta o fereastr\u0103 pop-up cu o explica\u021bie despre cookie-uri. Ap\u0103s\u00e2nd pe Salveaz\u0103 preferin\u021bele, \u00ee\u021bi exprimi consim\u021b\u0103m\u00e2ntul pentru utilizarea de c\u0103tre noi a categoriilor de cookie-uri \u0219i module selectate \u00een pop-up, conform descrierii din aceast\u0103 Politic\u0103 privind cookie-urile. Po\u021bi bloca folosirea cookie-urilor din navigatorul pe care \u00eel folose\u0219ti, dar te rug\u0103m s\u0103 \u021bii cont de faptul c\u0103 \u00een acest caz e posibil ca site-ul nostru s\u0103 nu mai func\u021bioneze corespunz\u0103tor.  <\/p>\n<p><strong>7.1 Administreaz\u0103 set\u0103rile pentru consim\u021b\u0103m\u00e2nt<\/strong><\/p>\n<p><strong>Func\u021bionale<\/strong><\/p>\n<ul>\n<li>Mereu activ\n<ul>\n<li>Stocarea tehnic\u0103 sau accesul este strict necesar \u00een scopul legitim de a permite utilizarea unui anumit serviciu cerut \u00een mod explicit de c\u0103tre un abonat sau un utilizator sau \u00een scopul exclusiv de a executa transmiterea unei comunic\u0103ri printr-o re\u021bea de comunica\u021bii electronice.<\/li>\n<\/ul>\n<\/li>\n<\/ul>\n<p><strong>Preferin\u021be<\/strong><\/p>\n<ul>\n<li>Preferin\u021be\n<ul>\n<li>Stocarea tehnic\u0103 sau accesul este necesar \u00een scop legitim pentru stocarea preferin\u021belor care nu sunt cerute de abonat sau utilizator.<\/li>\n<\/ul>\n<\/li>\n<\/ul>\n<p><strong>Marketing<\/strong><\/p>\n<ul>\n<li>Marketing\n<ul>\n<li>Stocarea tehnic\u0103 sau accesul este necesar pentru a crea profiluri de utilizator la care trimitem publicitate sau pentru a urm\u0103ri utilizatorul pe un site web sau pe mai multe site-uri web \u00een scopuri de marketing similare.<\/li>\n<\/ul>\n<\/li>\n<\/ul>\n<h3><strong>8. Activarea\/dezactivarea \u0219i \u0219tergerea cookie-urilor<\/strong><\/h3>\n<p>Po\u021bi utiliza navigatorul t\u0103u de internet pentru a \u0219terge automat sau manual cookie-urile. De asemenea, po\u021bi specifica faptul c\u0103 anumite cookie-uri nu pot fi plasate. O alt\u0103 op\u021biune este s\u0103 modifici set\u0103rile navigatorului de internet, astfel \u00eenc\u00e2t s\u0103 prime\u0219ti un mesaj de fiecare dat\u0103 c\u00e2nd este plasat un fi\u0219ier cookie. Pentru mai multe informa\u021bii despre aceste op\u021biuni, te rug\u0103m s\u0103 consul\u021bi instruc\u021biunile din sec\u021biunea Ajutor a navigatorului t\u0103u.   <\/p>\n<p>Te rog s\u0103 re\u021bii c\u0103 site-ul nostru s-ar putea s\u0103 nu func\u021bioneze corect dac\u0103 sunt dezactivate toate cookie-urile. Dac\u0103 \u0219tergi cookie-urile din navigatorul t\u0103u, ele vor fi plasate din nou dup\u0103 ce \u00ee\u021bi dai consim\u021b\u0103m\u00e2ntul c\u00e2nd vizitezi din nou site-ul nostru. <\/p>\n<h3><strong>9. Drepturile tale asupra datelor cu caracter personal<\/strong><\/h3>\n<p>Ai urm\u0103toarele drepturi asupra datelor cu caracter personal:<\/p>\n<ul>\n<li>Ai dreptul s\u0103 \u0219tii de ce sunt necesare datele tale cu caracter personal, ce vom face cu ele \u0219i c\u00e2t timp vor fi p\u0103strate.<\/li>\n<li>Dreptul de acces: ai dreptul de a-\u021bi accesa datele cu caracter personal pe care le-am colectat.<\/li>\n<li>Dreptul la rectificare: ai dreptul de a completa, corecta, \u0219terge sau bloca datele tale cu caracter personal oric\u00e2nd vrei.<\/li>\n<li>Dac\u0103 ne dai consim\u021b\u0103m\u00e2ntul s\u0103-\u021bi prelucr\u0103m datele, ai dreptul de a revoca consim\u021b\u0103m\u00e2ntul \u0219i s\u0103 ceri \u0219tergerea tuturor datelor cu caracter personal.<\/li>\n<li>Dreptul de a-\u021bi transfera datele: ai dreptul s\u0103 ceri toate datele tale cu caracter personal de la operator \u0219i s\u0103 le transferi \u00een \u00eentregime la un alt operator.<\/li>\n<li>Dreptul de a obiecta: te po\u021bi opune prelucr\u0103rii datelor tale. Respect\u0103m acest lucru, cu excep\u021bia cazului \u00een care exist\u0103 motive justificate pentru prelucrare. <\/li>\n<\/ul>\n<p>Pentru exercitarea acestor drepturi, te rug\u0103m s\u0103 ne contactezi. Te rug\u0103m s\u0103 folose\u0219ti detaliile de contact din partea de jos a acestei Politici privind cookie-urile. Dac\u0103 ai o reclama\u021bie cu privire la modul \u00een care gestion\u0103m datele tale, am dori s\u0103 ne comunici acest lucru, dar ai \u0219i dreptul de a depune o reclama\u021bie la autoritatea de supraveghere (Autoritatea Na\u021bional\u0103 de Supraveghere a Prelucr\u0103rii Datelor cu Caracter Personal).  <\/p>\n<h3><strong>10. Date de contact<\/strong><\/h3>\n<p>Pentru \u00eentreb\u0103ri \u0219i\/sau comentarii \u00een leg\u0103tur\u0103 cu Politica noastr\u0103 privind cookie-urile \u0219i aceast\u0103 declara\u021bie, te rog contacteaz\u0103-ne folosind urm\u0103toarele informa\u021bii de contact:<\/p>\n<p><strong>THE SIMTEL TEAM<\/strong><br \/>Bucharest, Sector 6, Splaiul Independentei, nr. 319L, Brussels building (body B), entrance A, ground floor<br \/>Romania<br \/>Website: <a href=\"https:\/\/simtel.ro\/en\/\">https:\/\/simtel.ro<\/a><br \/>Email: office@simtel.ro<br \/>Telephone number: +40 374 490 286<\/p>\n<p>Aceast\u0103 Politic\u0103 de Cookie-uri a fost sincronizat\u0103 cu cookiedatabase.org pe <span style=\"text-decoration: underline;\"><em>10.07.2024<\/em><\/span>.<\/p>\n\t\t\t\t\t\t<\/div>\n\t\t\t\t<\/div>\n\t\t\t\t<div class=\"elementor-element elementor-element-7a44baa8 elementor-hidden-widescreen elementor-hidden-desktop elementor-hidden-laptop elementor-hidden-tablet elementor-hidden-mobile elementor-widget elementor-widget-shortcode\" data-id=\"7a44baa8\" data-element_type=\"widget\" data-widget_type=\"shortcode.default\">\n\t\t\t\t<div class=\"elementor-widget-container\">\n\t\t\t\t\t<div class=\"elementor-shortcode\">[cmplz-document type=\"cookie-statement\" region=\"eu\"]<\/div>\n\t\t\t\t<\/div>\n\t\t\t\t<\/div>\n\t\t\t\t\t<\/div>\n\t\t\t\t<\/div>\n\t\t<div class=\"elementor-element elementor-element-919637a e-flex e-con-boxed elementor-invisible e-con e-parent\" data-id=\"919637a\" data-element_type=\"container\" data-settings=\"{&quot;jet_parallax_layout_list&quot;:[],&quot;animation&quot;:&quot;fadeInUp&quot;,&quot;animation_delay&quot;:0}\">\n\t\t\t\t\t<div class=\"e-con-inner\">\n\t\t<div class=\"elementor-element elementor-element-8eb675e e-con-full e-flex e-con e-child\" data-id=\"8eb675e\" data-element_type=\"container\" data-settings=\"{&quot;background_background&quot;:&quot;classic&quot;,&quot;jet_parallax_layout_list&quot;:[]}\">\n\t\t\t\t<div class=\"elementor-element elementor-element-61dbacf elementor-widget-laptop__width-initial elementor-widget-mobile__width-initial elementor-widget__width-initial elementor-widget elementor-widget-heading\" data-id=\"61dbacf\" data-element_type=\"widget\" data-widget_type=\"heading.default\">\n\t\t\t\t<div class=\"elementor-widget-container\">\n\t\t\t<style>\/*! elementor - v3.23.0 - 05-08-2024 *\/\n.elementor-heading-title{padding:0;margin:0;line-height:1}.elementor-widget-heading .elementor-heading-title[class*=elementor-size-]>a{color:inherit;font-size:inherit;line-height:inherit}.elementor-widget-heading .elementor-heading-title.elementor-size-small{font-size:15px}.elementor-widget-heading .elementor-heading-title.elementor-size-medium{font-size:19px}.elementor-widget-heading .elementor-heading-title.elementor-size-large{font-size:29px}.elementor-widget-heading .elementor-heading-title.elementor-size-xl{font-size:39px}.elementor-widget-heading .elementor-heading-title.elementor-size-xxl{font-size:59px}<\/style><h2 class=\"elementor-heading-title elementor-size-default\">Questions or feedback?<\/h2>\t\t<\/div>\n\t\t\t\t<\/div>\n\t\t\t\t<div class=\"elementor-element elementor-element-ff189c2 elementor-widget__width-initial elementor-widget elementor-widget-text-editor\" data-id=\"ff189c2\" data-element_type=\"widget\" data-widget_type=\"text-editor.default\">\n\t\t\t\t<div class=\"elementor-widget-container\">\n\t\t\t\t\t\t\t<p>We&#8217;re here for you.<\/p>\n\t\t\t\t\t\t<\/div>\n\t\t\t\t<\/div>\n\t\t\t\t<div class=\"elementor-element elementor-element-3c4a1f4 elementor-align-left elementor-widget elementor-widget-button\" data-id=\"3c4a1f4\" data-element_type=\"widget\" data-widget_type=\"button.default\">\n\t\t\t\t<div class=\"elementor-widget-container\">\n\t\t\t\t\t<div class=\"elementor-button-wrapper\">\n\t\t\t<a class=\"elementor-button elementor-button-link elementor-size-sm\" href=\"https:\/\/simtel.ro\/en\/contact\/\" id=\"cta_contact_banner\">\n\t\t\t\t\t\t<span class=\"elementor-button-content-wrapper\">\n\t\t\t\t\t\t<span class=\"elementor-button-icon\">\n\t\t\t\t<svg xmlns=\"http:\/\/www.w3.org\/2000\/svg\" width=\"33\" height=\"33\" viewBox=\"0 0 33 33\" fill=\"none\"><g clip-path=\"url(#clip0_3_53756)\"><g clip-path=\"url(#clip1_3_53756)\"><path d=\"M22.6245 6.85854C22.6245 6.85848 22.6247 6.85859 22.6245 6.85854C22.1199 6.99685 21.6345 7.23745 21.1989 7.58354C20.8241 7.88134 20.517 8.2329 20.2801 8.61853C20.2798 8.61837 20.2803 8.61861 20.2801 8.61853C20.517 8.2329 20.8241 7.88134 21.1989 7.58354C21.6345 7.23745 22.1199 6.99685 22.6245 6.85854Z\" fill=\"#273F2B\"><\/path><path d=\"M19.4917 5.54057C18.6315 5.3269 17.7318 5.2135 16.8056 5.2135C10.6727 5.2135 5.70105 10.1851 5.70105 16.318C5.70105 18.2086 6.17348 19.9888 7.00673 21.5469L5.70105 27.4226L11.5766 26.1169C13.1349 26.9502 14.915 27.4226 16.8056 27.4226C22.9384 27.4226 27.9101 22.4508 27.9101 16.318C27.9101 16.1623 27.9069 16.0074 27.9006 15.8532C27.8738 15.8751 27.8469 15.8969 27.8197 15.9184C27.0258 16.5491 26.1323 16.9693 25.2066 17.1867C24.7718 21.4427 21.1764 24.7632 16.8056 24.7632C15.3631 24.7632 14.0126 24.4038 12.8307 23.7718L11.9618 23.3071L9.2036 23.92L9.81648 21.1619L9.35184 20.2929C8.71984 19.1111 8.36037 17.7605 8.36037 16.318C8.36037 11.6539 12.1414 7.87282 16.8056 7.87282C17.0878 7.87282 17.367 7.88668 17.6421 7.91373C18.0556 7.01851 18.675 6.20227 19.4917 5.54057Z\" fill=\"#273F2B\"><\/path><path d=\"M21.1991 7.58354C19.4729 8.95494 19.1852 11.4661 20.5566 13.1923C21.928 14.9185 24.4391 15.2062 26.1654 13.8348C27.8916 12.4634 28.1793 9.95229 26.8079 8.22605C25.4365 6.49981 22.9254 6.21215 21.1991 7.58354Z\" fill=\"#142828\"><\/path><\/g><\/g><defs><clipPath id=\"clip0_3_53756\"><rect width=\"32\" height=\"32\" fill=\"white\" transform=\"translate(0.5 0.261597)\"><\/rect><\/clipPath><clipPath id=\"clip1_3_53756\"><rect width=\"32\" height=\"32\" fill=\"white\" transform=\"translate(0.5 0.261597)\"><\/rect><\/clipPath><\/defs><\/svg>\t\t\t<\/span>\n\t\t\t\t\t\t\t\t\t<span class=\"elementor-button-text\">Contact us!<\/span>\n\t\t\t\t\t<\/span>\n\t\t\t\t\t<\/a>\n\t\t<\/div>\n\t\t\t\t<\/div>\n\t\t\t\t<\/div>\n\t\t\t\t<\/div>\n\t\t\t\t\t<\/div>\n\t\t\t\t<\/div>\n\t\t\t\t<\/div>\n\t\t","protected":false},"excerpt":{"rendered":"<p>This Cookie Policy was last updated on 10.07.2024 and applies to citizens and permanent residents of the European Economic Area and Switzerland. 1. Introducere Our site, https:\/\/simtel.ro (hereinafter referred to as \u201e\u201d website), uses cookies and other similar technologies (for convenience, all technologies are hereinafter called \u201ecookies\u201d). Cookies are also placed by the third parties [&hellip;]<\/p>\n","protected":false},"author":2,"featured_media":0,"parent":0,"menu_order":0,"comment_status":"closed","ping_status":"closed","template":"","meta":{"_jf_save_progress":"","footnotes":"","_links_to":"","_links_to_target":""},"class_list":["post-11246","page","type-page","status-publish","hentry"],"_links":{"self":[{"href":"https:\/\/simtel.ro\/en\/wp-json\/wp\/v2\/pages\/11246","targetHints":{"allow":["GET"]}}],"collection":[{"href":"https:\/\/simtel.ro\/en\/wp-json\/wp\/v2\/pages"}],"about":[{"href":"https:\/\/simtel.ro\/en\/wp-json\/wp\/v2\/types\/page"}],"author":[{"embeddable":true,"href":"https:\/\/simtel.ro\/en\/wp-json\/wp\/v2\/users\/2"}],"replies":[{"embeddable":true,"href":"https:\/\/simtel.ro\/en\/wp-json\/wp\/v2\/comments?post=11246"}],"version-history":[{"count":16,"href":"https:\/\/simtel.ro\/en\/wp-json\/wp\/v2\/pages\/11246\/revisions"}],"predecessor-version":[{"id":17690,"href":"https:\/\/simtel.ro\/en\/wp-json\/wp\/v2\/pages\/11246\/revisions\/17690"}],"wp:attachment":[{"href":"https:\/\/simtel.ro\/en\/wp-json\/wp\/v2\/media?parent=11246"}],"curies":[{"name":"wp","href":"https:\/\/api.w.org\/{rel}","templated":true}]}}