{"id":16443,"date":"2025-02-13T20:04:14","date_gmt":"2025-02-13T17:04:14","guid":{"rendered":"https:\/\/simtel.ro\/zeugnisse\/"},"modified":"2025-05-06T19:46:21","modified_gmt":"2025-05-06T16:46:21","slug":"zeugnisse","status":"publish","type":"page","link":"https:\/\/simtel.ro\/de\/zeugnisse\/","title":{"rendered":"Zeugnisse"},"content":{"rendered":"\t\t<div data-elementor-type=\"wp-page\" data-elementor-id=\"16443\" class=\"elementor elementor-16443 elementor-14763\" data-elementor-post-type=\"page\">\n\t\t\t\t<div class=\"elementor-element elementor-element-728c146 e-flex e-con-boxed e-con e-parent\" data-id=\"728c146\" data-element_type=\"container\" data-settings=\"{&quot;background_background&quot;:&quot;classic&quot;,&quot;jet_parallax_layout_list&quot;:[]}\">\n\t\t\t\t\t<div class=\"e-con-inner\">\n\t\t\t\t<div class=\"elementor-element elementor-element-8bd1d9f elementor-widget__width-inherit elementor-invisible elementor-widget elementor-widget-heading\" data-id=\"8bd1d9f\" data-element_type=\"widget\" data-settings=\"{&quot;_animation&quot;:&quot;fadeInUp&quot;}\" data-widget_type=\"heading.default\">\n\t\t\t\t<div class=\"elementor-widget-container\">\n\t\t\t<style>\/*! elementor - v3.23.0 - 05-08-2024 *\/\n.elementor-heading-title{padding:0;margin:0;line-height:1}.elementor-widget-heading .elementor-heading-title[class*=elementor-size-]>a{color:inherit;font-size:inherit;line-height:inherit}.elementor-widget-heading .elementor-heading-title.elementor-size-small{font-size:15px}.elementor-widget-heading .elementor-heading-title.elementor-size-medium{font-size:19px}.elementor-widget-heading .elementor-heading-title.elementor-size-large{font-size:29px}.elementor-widget-heading .elementor-heading-title.elementor-size-xl{font-size:39px}.elementor-widget-heading .elementor-heading-title.elementor-size-xxl{font-size:59px}<\/style><h1 class=\"elementor-heading-title elementor-size-default\">Zeugnisse<\/h1>\t\t<\/div>\n\t\t\t\t<\/div>\n\t\t\t\t\t<\/div>\n\t\t\t\t<\/div>\n\t\t<div class=\"elementor-element elementor-element-41d4c31 e-grid e-con-boxed e-con e-parent\" data-id=\"41d4c31\" data-element_type=\"container\" data-settings=\"{&quot;background_background&quot;:&quot;classic&quot;,&quot;jet_parallax_layout_list&quot;:[]}\">\n\t\t\t\t\t<div class=\"e-con-inner\">\n\t\t<div class=\"elementor-element elementor-element-86ac433 e-con-full cst-testimonial-wrapper e-flex elementor-invisible e-con e-child\" data-id=\"86ac433\" data-element_type=\"container\" data-settings=\"{&quot;background_background&quot;:&quot;classic&quot;,&quot;jet_parallax_layout_list&quot;:[],&quot;animation&quot;:&quot;fadeInUp&quot;,&quot;animation_delay&quot;:100}\">\n\t\t\t\t<div class=\"elementor-element elementor-element-ed3b056 cst-testimonial-name elementor-widget elementor-widget-heading\" data-id=\"ed3b056\" data-element_type=\"widget\" data-widget_type=\"heading.default\">\n\t\t\t\t<div class=\"elementor-widget-container\">\n\t\t\t<span class=\"elementor-heading-title elementor-size-default\">Marian Adam<\/span>\t\t<\/div>\n\t\t\t\t<\/div>\n\t\t\t\t<div class=\"elementor-element elementor-element-c227dd5 cst-testimonial-job elementor-widget elementor-widget-heading\" data-id=\"c227dd5\" data-element_type=\"widget\" data-widget_type=\"heading.default\">\n\t\t\t\t<div class=\"elementor-widget-container\">\n\t\t\t<span class=\"elementor-heading-title elementor-size-default\">Energiemanager, DEDEMAN<\/span>\t\t<\/div>\n\t\t\t\t<\/div>\n\t\t\t\t<div class=\"elementor-element elementor-element-c9c309c cst-testimonial-text elementor-widget elementor-widget-text-editor\" data-id=\"c9c309c\" data-element_type=\"widget\" data-widget_type=\"text-editor.default\">\n\t\t\t\t<div class=\"elementor-widget-container\">\n\t\t\t<style>\/*! elementor - v3.23.0 - 05-08-2024 *\/\n.elementor-widget-text-editor.elementor-drop-cap-view-stacked .elementor-drop-cap{background-color:#69727d;color:#fff}.elementor-widget-text-editor.elementor-drop-cap-view-framed .elementor-drop-cap{color:#69727d;border:3px solid;background-color:transparent}.elementor-widget-text-editor:not(.elementor-drop-cap-view-default) .elementor-drop-cap{margin-top:8px}.elementor-widget-text-editor:not(.elementor-drop-cap-view-default) .elementor-drop-cap-letter{width:1em;height:1em}.elementor-widget-text-editor .elementor-drop-cap{float:left;text-align:center;line-height:1;font-size:50px}.elementor-widget-text-editor .elementor-drop-cap-letter{display:inline-block}<\/style>\t\t\t\t<p>Unsere Zusammenarbeit mit Simtel Team begann 2019 mit einem schl\u00fcsselfertigen Bau- und Wartungsvertrag f\u00fcr netzgekoppelte Photovoltaik-Kraftwerke. Dank der guten Zusammenarbeit wurde der urspr\u00fcngliche Vertrag verl\u00e4ngert, so dass wir auch heute noch zusammenarbeiten. <\/p>\n\t\t\t\t\t\t<\/div>\n\t\t\t\t<\/div>\n\t\t\t\t<div class=\"elementor-element elementor-element-bb900f6 elementor-view-default elementor-widget elementor-widget-icon\" data-id=\"bb900f6\" data-element_type=\"widget\" data-widget_type=\"icon.default\">\n\t\t\t\t<div class=\"elementor-widget-container\">\n\t\t\t\t\t<div class=\"elementor-icon-wrapper\">\n\t\t\t<div class=\"elementor-icon\">\n\t\t\t<svg xmlns=\"http:\/\/www.w3.org\/2000\/svg\" width=\"63\" height=\"72\" viewBox=\"0 0 63 72\" fill=\"none\"><g clip-path=\"url(#clip0_1_825)\"><path fill-rule=\"evenodd\" clip-rule=\"evenodd\" d=\"M63 20.817L61.2839 20.3841L48.7778 17.2177C46.3827 7.00086 36.9753 0 25.358 0C14.358 0 6.69136 6.90191 5.1358 18.1082L1.06173 20.6562L0 21.3242V27.5458H7.48148C5.75309 29.9083 4.33333 32.5429 3.19753 35.5733L2.77778 36.6865L3.45679 37.6636C4.22222 38.7768 5.08642 39.754 6.03704 40.6075C4.09876 42.6112 1.59259 46.9651 0.592593 50.0326L0.0246914 51.8014L1.64198 52.7167L33.0247 70.3673L35.9259 72L36.3827 68.6975C37.2716 62.278 34.8025 56.7119 33.0123 52.6425C32.0864 50.5521 30.9383 47.9546 31.3086 47.0146C31.3086 47.0146 31.3951 46.9775 31.642 46.9775C32.3951 46.9775 33.6049 47.2867 34.8889 47.6083L35.8395 47.8433C37.9506 48.3628 40.2839 48.8328 42.9383 48.8328C44.2099 48.8328 45.4691 48.7215 46.6914 48.4865C50.2593 47.8186 58.0864 42.7597 58.0864 32.0481V30.2793L56.3704 29.8464L47.5062 27.62C47.5062 27.62 47.4691 27.5705 47.4444 27.5334H62.9753V20.7923L63 20.817Z\" fill=\"#FEFEFE\"><\/path><path fill-rule=\"evenodd\" clip-rule=\"evenodd\" d=\"M13.5307 15.956C14.111 13.9027 15.0369 12.1835 16.2715 10.86C18.3209 8.65829 21.3826 7.4956 25.0986 7.4956C25.6789 7.4956 26.2591 7.52034 26.827 7.58218V4.97232C26.2591 4.92285 25.6789 4.89811 25.0986 4.89811C20.6419 4.89811 16.9382 6.34528 14.3826 9.07883C12.9258 10.625 11.8394 12.604 11.1357 14.9046L13.5307 15.9436V15.956ZM60.7283 22.5858V25.2699H2.27148V22.5858L7.25914 19.4564C8.3579 8.55933 15.2344 2.27588 25.3579 2.27588C35.4814 2.27588 45.0986 8.39854 46.827 19.0606L60.7159 22.5858H60.7283Z\" fill=\"#F68E1E\"><\/path><path fill-rule=\"evenodd\" clip-rule=\"evenodd\" d=\"M46.1233 29.6237C45.6171 28.8445 45.111 28.09 44.506 27.3726H39.5801C40.0369 28.0529 40.1974 28.9558 39.8517 29.6732C39.2591 30.8977 37.7529 31.2317 36.6542 30.6998C35.5554 30.168 35.0492 28.7208 35.5801 27.6199C35.6171 27.5334 35.6789 27.4591 35.7282 27.3726H10.4813C8.33318 29.9082 6.65416 32.7902 5.32083 36.3772C6.5554 38.1831 8.22207 39.7416 10.1727 40.6816C14.9381 42.9822 19.148 41.1022 21.3826 36.4514L22.7406 33.6436L25.0616 34.7569L23.6418 37.6883C20.2344 44.7881 14.0863 45.6292 7.75293 42.0917C6.01219 43.8233 3.62947 47.9917 2.75293 50.7252L34.1356 68.3758C35.5554 58.1343 27.4566 50.2305 29.2344 46.1858C31.0122 42.1288 37.4319 47.9175 46.2961 46.2724C49.148 45.7405 55.8394 41.3001 55.8394 32.0728L46.1233 29.6237Z\" fill=\"#004990\"><\/path><\/g><defs><clipPath id=\"clip0_1_825\"><rect width=\"63\" height=\"72\" fill=\"white\"><\/rect><\/clipPath><\/defs><\/svg>\t\t\t<\/div>\n\t\t<\/div>\n\t\t\t\t<\/div>\n\t\t\t\t<\/div>\n\t\t\t\t<\/div>\n\t\t<div class=\"elementor-element elementor-element-22e5616 e-con-full cst-testimonial-wrapper e-flex elementor-invisible e-con e-child\" data-id=\"22e5616\" data-element_type=\"container\" data-settings=\"{&quot;background_background&quot;:&quot;classic&quot;,&quot;jet_parallax_layout_list&quot;:[],&quot;animation&quot;:&quot;fadeInUp&quot;,&quot;animation_delay&quot;:150}\">\n\t\t\t\t<div class=\"elementor-element elementor-element-dfcda5a cst-testimonial-name elementor-widget elementor-widget-heading\" data-id=\"dfcda5a\" data-element_type=\"widget\" data-widget_type=\"heading.default\">\n\t\t\t\t<div class=\"elementor-widget-container\">\n\t\t\t<span class=\"elementor-heading-title elementor-size-default\">Casian Vasile<\/span>\t\t<\/div>\n\t\t\t\t<\/div>\n\t\t\t\t<div class=\"elementor-element elementor-element-c96ff26 cst-testimonial-job elementor-widget elementor-widget-heading\" data-id=\"c96ff26\" data-element_type=\"widget\" data-widget_type=\"heading.default\">\n\t\t\t\t<div class=\"elementor-widget-container\">\n\t\t\t<span class=\"elementor-heading-title elementor-size-default\">COE, Mega Image Rum\u00e4nien<\/span>\t\t<\/div>\n\t\t\t\t<\/div>\n\t\t\t\t<div class=\"elementor-element elementor-element-d76ecf8 cst-testimonial-text elementor-widget elementor-widget-text-editor\" data-id=\"d76ecf8\" data-element_type=\"widget\" data-widget_type=\"text-editor.default\">\n\t\t\t\t<div class=\"elementor-widget-container\">\n\t\t\t\t\t\t\t<p>Zurzeit erbringt das Unternehmen EPC- und Wartungsdienstleistungen f\u00fcr Mega Image Romania. Bisher haben sie den Bau von ca. 3 MWp erfolgreich umgesetzt und f\u00fchren die Wartung f\u00fcr unsere Photovoltaikanlagen durch.  <\/p>\n\t\t\t\t\t\t<\/div>\n\t\t\t\t<\/div>\n\t\t\t\t<div class=\"elementor-element elementor-element-d3f9879 elementor-view-default elementor-widget elementor-widget-icon\" data-id=\"d3f9879\" data-element_type=\"widget\" data-widget_type=\"icon.default\">\n\t\t\t\t<div class=\"elementor-widget-container\">\n\t\t\t\t\t<div class=\"elementor-icon-wrapper\">\n\t\t\t<div class=\"elementor-icon\">\n\t\t\t<svg xmlns=\"http:\/\/www.w3.org\/2000\/svg\" width=\"60\" height=\"60\" viewBox=\"0 0 60 60\" fill=\"none\"><g clip-path=\"url(#clip0_1_775)\"><path d=\"M51 60H9C6.612 60 4.32 59.056 2.64 57.372C0.952 55.68 0 53.384 0 51V9C0 6.616 0.944 4.328 2.628 2.64C4.32 0.952 6.612 0 9 0H51C53.384 0 55.672 0.944 57.36 2.632C59.048 4.312 60 6.616 60 9V51C60 53.384 59.056 55.672 57.368 57.36C55.688 59.048 53.384 60 51 60Z\" fill=\"#EE2C21\"><\/path><path d=\"M51.0004 57.6H9.00039C7.25239 57.6 5.57239 56.908 4.33639 55.672C3.09639 54.432 2.40039 52.752 2.40039 51V9.00002C2.40039 7.25202 3.09239 5.57202 4.32839 4.33602C5.56839 3.09602 7.24839 2.40002 9.00039 2.40002H51.0004C52.7484 2.40002 54.4284 3.09202 55.6644 4.32802C56.9044 5.56802 57.6004 7.24802 57.6004 9.00002V51C57.6004 52.748 56.9084 54.428 55.6724 55.664C54.4324 56.904 52.7524 57.6 51.0004 57.6Z\" fill=\"white\"><\/path><path d=\"M32.4799 41.58L33.1759 39.032L35.4479 38.384L40.7879 28.036L33.0119 31.868H26.4239L24.2959 35.684L26.4319 39.084L25.9519 41.584L17.9199 41.576L18.5199 39.328L20.6679 38.08L18.6839 33.16L14.0959 39.332L14.6959 41.572L7.50391 41.58L8.45191 38.516L9.83591 37.904L13.0919 32.776L11.7399 28.216L9.19191 29.456L12.9719 18.616L11.2519 16.104L12.2039 14.644L14.6919 16.644L16.2119 14.172H10.3519L10.4159 15.412L8.75991 15.38L8.96791 12.876H16.0639L15.7639 11.828L12.0159 12.408L11.0039 8.98403L15.6359 8.88403L15.9439 7.93603L22.1839 7.85603L26.1719 6.61603L24.8519 10.84L26.3519 9.60003L26.7839 20.736H46.7439V18.256H29.6399L29.0999 13L29.6479 7.90403H50.0959V13.4L47.6399 10.48L31.9719 10.472L31.6999 13L31.9719 15.612H47.6319L50.0959 17.692L50.1039 26.672L52.5039 36.42L50.7759 41.58H43.2559L44.2279 39.032L46.7199 38.488L47.7079 36.248L44.7879 33.02L40.5759 38.908L40.2439 41.58H32.4799Z\" fill=\"#231F20\"><\/path><path d=\"M20.792 42.76C20.152 42.76 19.56 42.936 19.112 43.4C18.656 43.88 18.5 44.504 18.5 45.152V49.848C18.5 50.508 18.604 51.248 19.02 51.788C19.388 52.268 19.916 52.468 20.52 52.468C20.816 52.468 21.104 52.412 21.36 52.256C21.572 52.124 21.74 51.936 21.872 51.728L22.104 52.272H22.904V47.504H20.544V48.824H21.396V50.176C21.396 50.4 21.364 50.668 21.224 50.856C21.104 51.008 20.932 51.056 20.744 51.056C20.544 51.056 20.372 51.008 20.252 50.848C20.112 50.668 20.084 50.4 20.084 50.176V45.064C20.084 44.844 20.112 44.576 20.252 44.396C20.372 44.236 20.548 44.184 20.74 44.184C20.932 44.184 21.1 44.236 21.22 44.392C21.364 44.564 21.392 44.832 21.392 45.056V46.096H22.9V45.184C22.9 44.552 22.788 43.864 22.364 43.376C21.964 42.916 21.384 42.756 20.784 42.756H20.792V42.76ZM46.052 42.76C45.412 42.76 44.82 42.936 44.372 43.4C43.912 43.88 43.76 44.504 43.76 45.152V49.848C43.76 50.508 43.86 51.248 44.28 51.788C44.648 52.268 45.176 52.468 45.78 52.468C46.076 52.468 46.364 52.412 46.62 52.256C46.832 52.124 47 51.936 47.132 51.728L47.364 52.272H48.172V47.504H45.804V48.824H46.66V50.176C46.66 50.4 46.632 50.668 46.492 50.856C46.372 51.008 46.2 51.056 46.004 51.056C45.808 51.056 45.644 51.008 45.524 50.848C45.38 50.668 45.352 50.4 45.352 50.176V45.064C45.352 44.844 45.38 44.576 45.52 44.396C45.64 44.236 45.808 44.184 46 44.184C46.192 44.184 46.368 44.236 46.488 44.392C46.628 44.564 46.656 44.832 46.656 45.056V46.096H48.168V45.184C48.168 44.552 48.056 43.864 47.632 43.376C47.232 42.912 46.652 42.756 46.052 42.756V42.76ZM30.332 42.96V52.272H31.924V42.96H30.332ZM7.5 42.96V52.272H8.96V46.22L10.052 52.272H10.88L12.016 46.292V52.272H13.484V42.96H11.444L10.552 48.112L10.504 48.432L10.452 48.096L9.52 42.96H7.5ZM14.188 42.96V52.272H18.028V50.752H15.748V48.16H17.388V46.688H15.748V44.432H18.028V42.96H14.188ZM24.828 42.96L23.292 52.272H24.832L25.136 50.288H26.436L26.716 52.272H28.316L26.8 42.96H24.824H24.828ZM32.452 42.96V52.272H33.912V46.212L35.008 52.272H35.832L36.964 46.292V52.272H38.444V42.96H36.396L35.504 48.112L35.456 48.432L35.404 48.096L34.472 42.96H32.452ZM40.192 42.96L38.66 52.272H40.196L40.496 50.288H41.796L42.076 52.272H43.684L42.164 42.96H40.188H40.192ZM48.664 42.96V52.272H52.504V50.752H50.224V48.16H51.864V46.688H50.224V44.432H52.504V42.96H48.664ZM25.8 45.32L26.24 48.84H25.336L25.8 45.32ZM41.168 45.32L41.608 48.84H40.7L41.168 45.32Z\" fill=\"#EE2C21\"><\/path><\/g><defs><clipPath id=\"clip0_1_775\"><rect width=\"60\" height=\"60\" fill=\"white\"><\/rect><\/clipPath><\/defs><\/svg>\t\t\t<\/div>\n\t\t<\/div>\n\t\t\t\t<\/div>\n\t\t\t\t<\/div>\n\t\t\t\t<\/div>\n\t\t<div class=\"elementor-element elementor-element-03f59a9 e-con-full cst-testimonial-wrapper e-flex elementor-invisible e-con e-child\" data-id=\"03f59a9\" data-element_type=\"container\" data-settings=\"{&quot;background_background&quot;:&quot;classic&quot;,&quot;jet_parallax_layout_list&quot;:[],&quot;animation&quot;:&quot;fadeInUp&quot;,&quot;animation_delay&quot;:200}\">\n\t\t\t\t<div class=\"elementor-element elementor-element-9028b61 cst-testimonial-name elementor-widget elementor-widget-heading\" data-id=\"9028b61\" data-element_type=\"widget\" data-widget_type=\"heading.default\">\n\t\t\t\t<div class=\"elementor-widget-container\">\n\t\t\t<span class=\"elementor-heading-title elementor-size-default\">Eleonora Am\u0103riu\u021bei<\/span>\t\t<\/div>\n\t\t\t\t<\/div>\n\t\t\t\t<div class=\"elementor-element elementor-element-22a1b96 cst-testimonial-job elementor-widget elementor-widget-heading\" data-id=\"22a1b96\" data-element_type=\"widget\" data-widget_type=\"heading.default\">\n\t\t\t\t<div class=\"elementor-widget-container\">\n\t\t\t<span class=\"elementor-heading-title elementor-size-default\">CFO, CTP Invest Bukarest<\/span>\t\t<\/div>\n\t\t\t\t<\/div>\n\t\t\t\t<div class=\"elementor-element elementor-element-25bb172 cst-testimonial-text elementor-widget elementor-widget-text-editor\" data-id=\"25bb172\" data-element_type=\"widget\" data-widget_type=\"text-editor.default\">\n\t\t\t\t<div class=\"elementor-widget-container\">\n\t\t\t\t\t\t\t<p>SIMTEL Team S.A. hat w\u00e4hrend des gesamten Projekts Professionalit\u00e4t und Verf\u00fcgbarkeit bewiesen und sich als f\u00e4hig erwiesen, auf unvorhergesehene Herausforderungen zu reagieren und eine optimale technische L\u00f6sung zu liefern.<\/p>\n\t\t\t\t\t\t<\/div>\n\t\t\t\t<\/div>\n\t\t\t\t<div class=\"elementor-element elementor-element-1ae5e03 elementor-view-default elementor-widget elementor-widget-icon\" data-id=\"1ae5e03\" data-element_type=\"widget\" data-widget_type=\"icon.default\">\n\t\t\t\t<div class=\"elementor-widget-container\">\n\t\t\t\t\t<div class=\"elementor-icon-wrapper\">\n\t\t\t<div class=\"elementor-icon\">\n\t\t\t<svg xmlns=\"http:\/\/www.w3.org\/2000\/svg\" id=\"Layer_2\" data-name=\"Layer 2\" viewBox=\"0 0 70 35\"><defs><style>      .cls-1 {        fill: #fff;      }      .cls-2 {        fill: #e94e1b;      }    <\/style><\/defs><g id=\"Layer_1-2\" data-name=\"Layer 1\"><path class=\"cls-2\" d=\"m70,0H0s0,35,0,35h70V0Z\"><\/path><path class=\"cls-1\" d=\"m21.56,15.15c-1.54,0-2.35,1.39-2.35,2.93,0,1.31.66,2.16,1.78,2.16,1,0,1.54-.58,1.74-.89h4.32c-.39,2.16-2.28,4.75-6.06,4.75s-6.29-2.16-6.29-5.83c0-4.24,3.01-7.06,6.87-7.06,4.4,0,5.9,2.66,6.02,4.82h-4.36c-.12-.35-.62-.89-1.66-.89Z\"><\/path><path class=\"cls-1\" d=\"m38.27,23.79h-3.05c-3.13,0-5.02-1.35-4.36-4.67l.73-3.9h-2.93l.73-3.67h2.89l.81-4.17h4.55l-.81,4.21h3.82l-.73,3.67h-3.82l-.54,2.86c-.27,1.31.19,1.74,1.47,1.74h1.97l-.73,3.94Z\"><\/path><path class=\"cls-1\" d=\"m45.25,22.17l-1.2,6.06h-4.4l3.24-16.67h4.51l-.31,1.62c.54-.81,1.66-1.85,3.51-1.85,2.78,0,4.75,2.08,4.75,5.6,0,4.32-2.86,7.06-6.17,7.06-2.2.04-3.36-.93-3.94-1.81Zm3.01-1.93c1.58,0,2.62-1.35,2.62-2.86,0-1.31-.81-2.24-2.12-2.24-1.58,0-2.62,1.35-2.62,2.86,0,1.31.81,2.24,2.12,2.24Z\"><\/path><\/g><\/svg>\t\t\t<\/div>\n\t\t<\/div>\n\t\t\t\t<\/div>\n\t\t\t\t<\/div>\n\t\t\t\t<\/div>\n\t\t<div class=\"elementor-element elementor-element-424c898 e-con-full cst-testimonial-wrapper e-flex elementor-invisible e-con e-child\" data-id=\"424c898\" data-element_type=\"container\" data-settings=\"{&quot;background_background&quot;:&quot;classic&quot;,&quot;jet_parallax_layout_list&quot;:[],&quot;animation&quot;:&quot;fadeInUp&quot;,&quot;animation_delay&quot;:250}\">\n\t\t\t\t<div class=\"elementor-element elementor-element-2d6c0fe cst-testimonial-name elementor-widget elementor-widget-heading\" data-id=\"2d6c0fe\" data-element_type=\"widget\" data-widget_type=\"heading.default\">\n\t\t\t\t<div class=\"elementor-widget-container\">\n\t\t\t<span class=\"elementor-heading-title elementor-size-default\">George Tudose<\/span>\t\t<\/div>\n\t\t\t\t<\/div>\n\t\t\t\t<div class=\"elementor-element elementor-element-89660b4 cst-testimonial-job elementor-widget elementor-widget-heading\" data-id=\"89660b4\" data-element_type=\"widget\" data-widget_type=\"heading.default\">\n\t\t\t\t<div class=\"elementor-widget-container\">\n\t\t\t<span class=\"elementor-heading-title elementor-size-default\">Technischer Direktor, GRAND HOTEL<\/span>\t\t<\/div>\n\t\t\t\t<\/div>\n\t\t\t\t<div class=\"elementor-element elementor-element-36c3214 cst-testimonial-text elementor-widget elementor-widget-text-editor\" data-id=\"36c3214\" data-element_type=\"widget\" data-widget_type=\"text-editor.default\">\n\t\t\t\t<div class=\"elementor-widget-container\">\n\t\t\t\t\t\t\t<p>Wir sch\u00e4tzen das technische Fachwissen von SIMTEL in diesem Bereich, die Flexibilit\u00e4t und die F\u00e4higkeit, technische L\u00f6sungen an alle Herausforderungen anzupassen, die bei der Umsetzung unseres Projekts auftraten.<\/p>\n\t\t\t\t\t\t<\/div>\n\t\t\t\t<\/div>\n\t\t\t\t<div class=\"elementor-element elementor-element-96b05a5 elementor-widget elementor-widget-image\" data-id=\"96b05a5\" data-element_type=\"widget\" data-widget_type=\"image.default\">\n\t\t\t\t<div class=\"elementor-widget-container\">\n\t\t\t<style>\/*! elementor - v3.23.0 - 05-08-2024 *\/\n.elementor-widget-image{text-align:center}.elementor-widget-image a{display:inline-block}.elementor-widget-image a img[src$=\".svg\"]{width:48px}.elementor-widget-image img{vertical-align:middle;display:inline-block}<\/style>\t\t\t\t\t\t\t\t\t\t<img decoding=\"async\" width=\"167\" height=\"86\" src=\"https:\/\/simtel.ro\/wp-content\/uploads\/2024\/07\/mariott-logo.png\" class=\"attachment-full size-full wp-image-8683\" alt=\"\" title=\"\">\t\t\t\t\t\t\t\t\t\t\t\t\t<\/div>\n\t\t\t\t<\/div>\n\t\t\t\t<\/div>\n\t\t\t\t\t<\/div>\n\t\t\t\t<\/div>\n\t\t<div class=\"elementor-element elementor-element-b906603 e-flex e-con-boxed elementor-invisible e-con e-parent\" data-id=\"b906603\" data-element_type=\"container\" data-settings=\"{&quot;jet_parallax_layout_list&quot;:[],&quot;animation&quot;:&quot;fadeInUp&quot;,&quot;animation_delay&quot;:0,&quot;background_background&quot;:&quot;classic&quot;}\">\n\t\t\t\t\t<div class=\"e-con-inner\">\n\t\t<div class=\"elementor-element elementor-element-c2de609 e-con-full e-flex e-con e-child\" data-id=\"c2de609\" data-element_type=\"container\" data-settings=\"{&quot;background_background&quot;:&quot;classic&quot;,&quot;jet_parallax_layout_list&quot;:[]}\">\n\t\t\t\t<div class=\"elementor-element elementor-element-dc1d014 elementor-widget-laptop__width-initial elementor-widget-mobile__width-initial elementor-widget__width-initial elementor-widget elementor-widget-heading\" data-id=\"dc1d014\" data-element_type=\"widget\" data-widget_type=\"heading.default\">\n\t\t\t\t<div class=\"elementor-widget-container\">\n\t\t\t<h2 class=\"elementor-heading-title elementor-size-default\">Wir sind f\u00fcr alle Fragen da.<\/h2>\t\t<\/div>\n\t\t\t\t<\/div>\n\t\t\t\t<div class=\"elementor-element elementor-element-136bba1 elementor-align-left elementor-widget elementor-widget-button\" data-id=\"136bba1\" data-element_type=\"widget\" data-widget_type=\"button.default\">\n\t\t\t\t<div class=\"elementor-widget-container\">\n\t\t\t\t\t<div class=\"elementor-button-wrapper\">\n\t\t\t<a class=\"elementor-button elementor-button-link elementor-size-sm\" href=\"https:\/\/simtel.ro\/de\/kontakt\/\" id=\"cta_contact_banner\">\n\t\t\t\t\t\t<span class=\"elementor-button-content-wrapper\">\n\t\t\t\t\t\t<span class=\"elementor-button-icon\">\n\t\t\t\t<svg xmlns=\"http:\/\/www.w3.org\/2000\/svg\" width=\"33\" height=\"33\" viewBox=\"0 0 33 33\" fill=\"none\"><g clip-path=\"url(#clip0_3_53756)\"><g clip-path=\"url(#clip1_3_53756)\"><path d=\"M22.6245 6.85854C22.6245 6.85848 22.6247 6.85859 22.6245 6.85854C22.1199 6.99685 21.6345 7.23745 21.1989 7.58354C20.8241 7.88134 20.517 8.2329 20.2801 8.61853C20.2798 8.61837 20.2803 8.61861 20.2801 8.61853C20.517 8.2329 20.8241 7.88134 21.1989 7.58354C21.6345 7.23745 22.1199 6.99685 22.6245 6.85854Z\" fill=\"#273F2B\"><\/path><path d=\"M19.4917 5.54057C18.6315 5.3269 17.7318 5.2135 16.8056 5.2135C10.6727 5.2135 5.70105 10.1851 5.70105 16.318C5.70105 18.2086 6.17348 19.9888 7.00673 21.5469L5.70105 27.4226L11.5766 26.1169C13.1349 26.9502 14.915 27.4226 16.8056 27.4226C22.9384 27.4226 27.9101 22.4508 27.9101 16.318C27.9101 16.1623 27.9069 16.0074 27.9006 15.8532C27.8738 15.8751 27.8469 15.8969 27.8197 15.9184C27.0258 16.5491 26.1323 16.9693 25.2066 17.1867C24.7718 21.4427 21.1764 24.7632 16.8056 24.7632C15.3631 24.7632 14.0126 24.4038 12.8307 23.7718L11.9618 23.3071L9.2036 23.92L9.81648 21.1619L9.35184 20.2929C8.71984 19.1111 8.36037 17.7605 8.36037 16.318C8.36037 11.6539 12.1414 7.87282 16.8056 7.87282C17.0878 7.87282 17.367 7.88668 17.6421 7.91373C18.0556 7.01851 18.675 6.20227 19.4917 5.54057Z\" fill=\"#273F2B\"><\/path><path d=\"M21.1991 7.58354C19.4729 8.95494 19.1852 11.4661 20.5566 13.1923C21.928 14.9185 24.4391 15.2062 26.1654 13.8348C27.8916 12.4634 28.1793 9.95229 26.8079 8.22605C25.4365 6.49981 22.9254 6.21215 21.1991 7.58354Z\" fill=\"#142828\"><\/path><\/g><\/g><defs><clipPath id=\"clip0_3_53756\"><rect width=\"32\" height=\"32\" fill=\"white\" transform=\"translate(0.5 0.261597)\"><\/rect><\/clipPath><clipPath id=\"clip1_3_53756\"><rect width=\"32\" height=\"32\" fill=\"white\" transform=\"translate(0.5 0.261597)\"><\/rect><\/clipPath><\/defs><\/svg>\t\t\t<\/span>\n\t\t\t\t\t\t\t\t\t<span class=\"elementor-button-text\">Kontaktieren Sie uns<\/span>\n\t\t\t\t\t<\/span>\n\t\t\t\t\t<\/a>\n\t\t<\/div>\n\t\t\t\t<\/div>\n\t\t\t\t<\/div>\n\t\t\t\t<\/div>\n\t\t\t\t\t<\/div>\n\t\t\t\t<\/div>\n\t\t\t\t<\/div>\n\t\t","protected":false},"excerpt":{"rendered":"<p>Zeugnisse Marian Adam Energiemanager, DEDEMAN Unsere Zusammenarbeit mit Simtel Team begann 2019 mit einem schl\u00fcsselfertigen Bau- und Wartungsvertrag f\u00fcr netzgekoppelte Photovoltaik-Kraftwerke. Dank der guten Zusammenarbeit wurde der urspr\u00fcngliche Vertrag verl\u00e4ngert, so dass wir auch heute noch zusammenarbeiten. Casian Vasile COE, Mega Image Rum\u00e4nien Zurzeit erbringt das Unternehmen EPC- und Wartungsdienstleistungen f\u00fcr Mega Image Romania. Bisher [&hellip;]<\/p>\n","protected":false},"author":2,"featured_media":0,"parent":0,"menu_order":0,"comment_status":"closed","ping_status":"closed","template":"","meta":{"_jf_save_progress":"","footnotes":"","_links_to":"","_links_to_target":""},"class_list":["post-16443","page","type-page","status-publish","hentry"],"_links":{"self":[{"href":"https:\/\/simtel.ro\/de\/wp-json\/wp\/v2\/pages\/16443","targetHints":{"allow":["GET"]}}],"collection":[{"href":"https:\/\/simtel.ro\/de\/wp-json\/wp\/v2\/pages"}],"about":[{"href":"https:\/\/simtel.ro\/de\/wp-json\/wp\/v2\/types\/page"}],"author":[{"embeddable":true,"href":"https:\/\/simtel.ro\/de\/wp-json\/wp\/v2\/users\/2"}],"replies":[{"embeddable":true,"href":"https:\/\/simtel.ro\/de\/wp-json\/wp\/v2\/comments?post=16443"}],"version-history":[{"count":7,"href":"https:\/\/simtel.ro\/de\/wp-json\/wp\/v2\/pages\/16443\/revisions"}],"predecessor-version":[{"id":17663,"href":"https:\/\/simtel.ro\/de\/wp-json\/wp\/v2\/pages\/16443\/revisions\/17663"}],"wp:attachment":[{"href":"https:\/\/simtel.ro\/de\/wp-json\/wp\/v2\/media?parent=16443"}],"curies":[{"name":"wp","href":"https:\/\/api.w.org\/{rel}","templated":true}]}}