{"id":16214,"date":"2024-07-10T09:34:09","date_gmt":"2024-07-10T06:34:09","guid":{"rendered":"https:\/\/simtel.ro\/cookie-richtlinie\/"},"modified":"2025-05-06T19:48:54","modified_gmt":"2025-05-06T16:48:54","slug":"cookie-richtlinie","status":"publish","type":"page","link":"https:\/\/simtel.ro\/de\/cookie-richtlinie\/","title":{"rendered":"Cookie-Richtlinie"},"content":{"rendered":"\t\t<div data-elementor-type=\"wp-page\" data-elementor-id=\"16214\" class=\"elementor elementor-16214 elementor-7496\" data-elementor-post-type=\"page\">\n\t\t\t\t<div class=\"elementor-element elementor-element-54973ef3 e-flex e-con-boxed e-con e-parent\" data-id=\"54973ef3\" data-element_type=\"container\" data-settings=\"{&quot;jet_parallax_layout_list&quot;:[]}\">\n\t\t\t\t\t<div class=\"e-con-inner\">\n\t\t\t\t<div class=\"elementor-element elementor-element-d9b14c0 elementor-widget elementor-widget-text-editor\" data-id=\"d9b14c0\" data-element_type=\"widget\" data-widget_type=\"text-editor.default\">\n\t\t\t\t<div class=\"elementor-widget-container\">\n\t\t\t<style>\/*! elementor - v3.23.0 - 05-08-2024 *\/\n.elementor-widget-text-editor.elementor-drop-cap-view-stacked .elementor-drop-cap{background-color:#69727d;color:#fff}.elementor-widget-text-editor.elementor-drop-cap-view-framed .elementor-drop-cap{color:#69727d;border:3px solid;background-color:transparent}.elementor-widget-text-editor:not(.elementor-drop-cap-view-default) .elementor-drop-cap{margin-top:8px}.elementor-widget-text-editor:not(.elementor-drop-cap-view-default) .elementor-drop-cap-letter{width:1em;height:1em}.elementor-widget-text-editor .elementor-drop-cap{float:left;text-align:center;line-height:1;font-size:50px}.elementor-widget-text-editor .elementor-drop-cap-letter{display:inline-block}<\/style>\t\t\t\t<p>Diese Cookie-Richtlinie wurde zuletzt am <em><span style=\"text-decoration: underline;\">10.07.2024<\/span><\/em> aktualisiert und gilt f\u00fcr B\u00fcrger und st\u00e4ndige Einwohner des Europ\u00e4ischen Wirtschaftsraums und der Schweiz.<\/p>\n<h3> <\/h3>\n<h3><strong>1. Einf\u00fchrung<\/strong><\/h3>\n<p>Unsere Webseite <a href=\"https:\/\/simtel.ro\/de\/\">https:\/\/simtel.ro<\/a> (im Folgenden als \u201eWebseite\u201c bezeichnet) verwendet Cookies und andere \u00e4hnliche Technologien (der Einfachheit halber werden alle Technologien im Folgenden als \u201eCookies\u201c bezeichnet). Cookies werden auch von Dritten gesetzt, mit denen wir zusammenarbeiten. Im folgenden Dokument informieren wir Sie dar\u00fcber, wie wir Cookies auf unserer Webseite verwenden.  <\/p>\n<h3><strong>2. Was sind Cookies?<\/strong><\/h3>\n<p>Ein Cookie ist eine einfache, kleine Datei, die mit den Seiten dieser Webseite verschickt und von Ihrem Browser auf der Festplatte Ihres Computers oder einem anderen Ger\u00e4t gespeichert wird. Die dort gespeicherten Informationen k\u00f6nnen bei einem sp\u00e4teren Besuch an unsere Server oder an entsprechende Server Dritter zur\u00fcckgesandt werden. <\/p>\n<h3><strong>3. Was sind Skripte?<\/strong><\/h3>\n<p>Ein Skript ist ein St\u00fcck (Programm-)Code, das verwendet wird, damit unsere Webseite korrekt und interaktiv funktioniert. Dieser Code wird auf unserem Server oder auf Ihrem Ger\u00e4t ausgef\u00fchrt. <\/p>\n<h3><strong>4. Was ist ein Web-Beacon?<\/strong><\/h3>\n<p>Ein \u201eWeb-Beacon\u201c (oder ein \u201ePixel-Tag\u201c) ist ein kleines unsichtbares St\u00fcck Text oder ein Bild, das auf einer Webseite platziert wird, um den Datenverkehr zu \u00fcberwachen. Zu Zwecken der Verkehrs\u00fcberwachung k\u00f6nnen Web-Beacons verschiedene Daten \u00fcber Sie speichern. <\/p>\n<h3><strong>5. Cookies<\/strong><\/h3>\n<p><strong>5.1 Technische oder funktionelle Cookies<\/strong><\/p>\n<p>Einige Cookies sorgen daf\u00fcr, dass bestimmte Teile der Webseite korrekt funktionieren und dass Ihre Benutzerpr\u00e4ferenzen bekannt bleiben. Indem wir funktionale Cookies setzen, erleichtern wir Ihnen den Besuch unserer Webseite. So m\u00fcssen Sie nicht immer wieder dieselben Informationen eingeben, wenn Sie unsere Webseite besuchen, und beispielsweise bleiben die Artikel in Ihrem Einkaufskorb, bis Sie bezahlen. Wir k\u00f6nnen diese Cookies ohne Ihre Zustimmung setzen.   <\/p>\n<p><strong>5.2 Marketing-\/Tracking-Cookies<\/strong><\/p>\n<p>Marketing-\/Tracking-Cookies sind Cookies (oder jede andere Form der lokalen Speicherung), die zur Erstellung von Nutzerprofilen, zur Anzeige von Werbung oder zur Verfolgung des Nutzers auf dieser Webseite oder auf mehreren Webseites zu \u00e4hnlichen Marketingzwecken verwendet werden.<\/p>\n<p><strong>5.3 Soziale Medien<\/strong><\/p>\n<p>Auf unserer Webseite haben wir Inhalte von LinkedIn, Facebook und Instagram eingebunden, um Webseiten in sozialen Netzwerken wie LinkedIn, Facebook und Instagram zu bewerben (z. B. \u201elike\u201c, \u201epin\u201c) oder zu teilen (z. B. \u201etweet\u201c). Diese Inhalte sind mit einem von LinkedIn, Facebook und Instagram abgeleiteten Code eingebettet und setzen Cookies. Diese Inhalte k\u00f6nnen bestimmte Informationen f\u00fcr personalisierte Werbung speichern und verarbeiten.  <\/p>\n<p>Bitte lesen Sie die Datenschutzerkl\u00e4rungen dieser sozialen Netzwerke (die sich von Zeit zu Zeit \u00e4ndern k\u00f6nnen), um herauszufinden, was sie mit Ihren (pers\u00f6nlichen) Daten machen, die sie mit Hilfe dieser Cookies verarbeiten. Die erhobenen Daten werden so weit wie m\u00f6glich anonymisiert. LinkedIn, Facebook und Instagram haben ihren Sitz in den Vereinigten Staaten.  <\/p>\n<h3><strong>6. Platzierte Cookies<\/strong><\/h3>\n<p><strong>Elementor<\/strong><\/p>\n<ul>\n<li>Statistiken (anonymisiert)\n<ul>\n<li>Zustimmung zum Dienst elementor<\/li>\n<\/ul>\n<\/li>\n<\/ul>\n<p><strong>Verwendung<\/strong><\/p>\n<ul>\n<li>Wir verwenden Elementor f\u00fcr die Erstellung von Inhalten. Mehr dazu <\/li>\n<\/ul>\n<p><strong>Weitergabe von Daten<\/strong><\/p>\n<ul>\n<li>Diese Daten werden nicht an Dritte weitergegeben.<\/li>\n<\/ul>\n<p><strong>Statistiken (anonymisiert)<\/strong><\/p>\n<ul>\n<li>Name: elementor<\/li>\n<li>Verfallsdatum: persistent<\/li>\n<li>Funktion: Speichern der durchgef\u00fchrten Aktionen auf der Webseite<\/li>\n<\/ul>\n<p><strong>WordPress<\/strong><\/p>\n<ul>\n<li>Funktionell\n<ul>\n<li>Zustimmung zum Dienst WordPress<\/li>\n<\/ul>\n<\/li>\n<\/ul>\n<p><strong>Verwendung<\/strong><\/p>\n<ul>\n<li>Wir verwenden WordPress f\u00fcr die Webseite-Entwicklung. Weiter lesen <\/li>\n<\/ul>\n<p><strong>Weitergabe von Daten<\/strong><\/p>\n<ul>\n<li>Diese Daten werden nicht an Dritte weitergegeben.<\/li>\n<\/ul>\n<p><strong>Funktionell<\/strong><\/p>\n<ul>\n<li>Name: wpEmojiSettingsSupports<\/li>\n<li>Verfallsdatum: session<\/li>\n<li>Funktion: Browserdetails speichern<\/li>\n<\/ul>\n<p><strong>Google-Schriftarten<\/strong><\/p>\n<ul>\n<li>Untersuchtes Ziel\n<ul>\n<li>Zustimmung zum Dienst google-fonts<\/li>\n<\/ul>\n<\/li>\n<\/ul>\n<p><strong>Verwendung<\/strong><\/p>\n<ul>\n<li>Wir verwenden Google Fonts f\u00fcr die Anzeige von Webfonts. mehr <\/li>\n<\/ul>\n<p><strong>Weitergabe von Daten<\/strong><\/p>\n<ul>\n<li>F\u00fcr weitere Informationen lesen Sie bitte die Datenschutzerkl\u00e4rung von Google Fonts.<\/li>\n<\/ul>\n<p><strong>Untersuchtes Ziel<\/strong><\/p>\n<ul>\n<li>Name: Google Fonts API<\/li>\n<li>L\u00e4uft ab:<\/li>\n<li>Funktion:<\/li>\n<\/ul>\n<p><strong>Facebook<\/strong><\/p>\n<ul>\n<li>Untersuchtes Ziel\n<ul>\n<li>Zustimmung zum Dienst Facebook<\/li>\n<\/ul>\n<\/li>\n<\/ul>\n<p><strong>Verwendung<\/strong><\/p>\n<ul>\n<li>Wir verwenden Facebook f\u00fcr die Anzeige aktueller sozialer Beitr\u00e4ge und\/oder Schaltfl\u00e4chen zum Teilen sozialer Inhalte. Lesen Sie mehr <\/li>\n<\/ul>\n<p><strong>Weitergabe von Daten<\/strong><\/p>\n<ul>\n<li>F\u00fcr weitere Informationen lesen Sie bitte die Facebook-Datenschutzerkl\u00e4rung.<\/li>\n<\/ul>\n<p><strong>Untersuchtes Ziel<\/strong><\/p>\n<ul>\n<li>Name: _js_datr<\/li>\n<li>L\u00e4uft ab:<\/li>\n<li>Funktion:<\/li>\n<li>Name: _fbc<\/li>\n<li>L\u00e4uft ab:<\/li>\n<li>Funktion:<\/li>\n<li>Name: fbm*<\/li>\n<li>L\u00e4uft ab:<\/li>\n<li>Funktion:<\/li>\n<li>Name: xs<\/li>\n<li>L\u00e4uft ab:<\/li>\n<li>Funktion:<\/li>\n<li>Name: wd<\/li>\n<li>L\u00e4uft ab:<\/li>\n<li>Funktion:<\/li>\n<li>Name: fr<\/li>\n<li>L\u00e4uft ab:<\/li>\n<li>Funktion:<\/li>\n<li>Name: act<\/li>\n<li>L\u00e4uft ab:<\/li>\n<li>Funktion:<\/li>\n<li>Name: _fbp<\/li>\n<li>L\u00e4uft ab:<\/li>\n<li>Funktion:<\/li>\n<li>Name: datr<\/li>\n<li>L\u00e4uft ab:<\/li>\n<li>Funktion:<\/li>\n<li>Name: c_user<\/li>\n<li>L\u00e4uft ab:<\/li>\n<li>Funktion:<\/li>\n<li>Name: csm<\/li>\n<li>L\u00e4uft ab:<\/li>\n<li>Funktion:<\/li>\n<li>Name: sb<\/li>\n<li>L\u00e4uft ab:<\/li>\n<li>Funktion:<\/li>\n<li>Name: actppresence<\/li>\n<li>L\u00e4uft ab:<\/li>\n<li>Funktion:<\/li>\n<li>Name: *<em>fbm<\/em><\/li>\n<li>L\u00e4uft ab:<\/li>\n<li>Funktion:<\/li>\n<\/ul>\n<p><strong>LinkedIn<\/strong><\/p>\n<ul>\n<li>Untersuchtes Ziel\n<ul>\n<li>Zustimmung zum Dienst linkedin<\/li>\n<\/ul>\n<\/li>\n<\/ul>\n<p><strong>Verwendung<\/strong><\/p>\n<ul>\n<li>Wir verwenden LinkedIn f\u00fcr die Anzeige aktueller sozialer Beitr\u00e4ge und\/oder Schaltfl\u00e4chen f\u00fcr soziale Netzwerke. Lesen Sie mehr <\/li>\n<\/ul>\n<p><strong>Weitergabe von Daten<\/strong><\/p>\n<ul>\n<li>F\u00fcr weitere Informationen lesen Sie bitte die LinkedIn-Datenschutzerkl\u00e4rung.<\/li>\n<\/ul>\n<p><strong>Untersuchtes Ziel<\/strong><\/p>\n<ul>\n<li>Name: sdsc<\/li>\n<li>L\u00e4uft ab:<\/li>\n<li>Funktion:<\/li>\n<li>Name: lms_ads<\/li>\n<li>L\u00e4uft ab:<\/li>\n<li>Funktion:<\/li>\n<li>Name: lms_analytics<\/li>\n<li>L\u00e4uft ab:<\/li>\n<li>Funktion:<\/li>\n<li>Name: _guid<\/li>\n<li>L\u00e4uft ab:<\/li>\n<li>Funktion:<\/li>\n<li>Name: li_alerts<\/li>\n<li>L\u00e4uft ab:<\/li>\n<li>Funktion:<\/li>\n<li>Name: li_gc<\/li>\n<li>L\u00e4uft ab:<\/li>\n<li>Funktion:<\/li>\n<li>Name: AnalyticsSyncHistory<\/li>\n<li>L\u00e4uft ab:<\/li>\n<li>Funktion:<\/li>\n<li>Name: bcookie<\/li>\n<li>L\u00e4uft ab:<\/li>\n<li>Funktion:<\/li>\n<li>Name: li-oatml<\/li>\n<li>L\u00e4uft ab:<\/li>\n<li>Funktion:<\/li>\n<li>Name: BizographicsOptOut<\/li>\n<li>L\u00e4uft ab:<\/li>\n<li>Funktion:<\/li>\n<li>Name: li_sugr<\/li>\n<li>L\u00e4uft ab:<\/li>\n<li>Funktion:<\/li>\n<li>Name: UserMatchHistory<\/li>\n<li>L\u00e4uft ab:<\/li>\n<li>Funktion:<\/li>\n<li>Name: linkedin_oauth_<\/li>\n<li>L\u00e4uft ab:<\/li>\n<li>Funktion:<\/li>\n<li>Name: lidc<\/li>\n<li>L\u00e4uft ab:<\/li>\n<li>Funktion:<\/li>\n<li>Name: bscookie<\/li>\n<li>L\u00e4uft ab:<\/li>\n<li>Funktion:<\/li>\n<li>Name: X-LI-IDC<\/li>\n<li>L\u00e4uft ab:<\/li>\n<li>Funktion:<\/li>\n<\/ul>\n<p><strong>Sonstiges<\/strong><\/p>\n<ul>\n<li>Untersuchtes Ziel\n<ul>\n<li>Zustimmung zum Dienst Verschiedenes<\/li>\n<\/ul>\n<\/li>\n<\/ul>\n<p><strong>Verwendung<\/strong><\/p>\n<ul>\n<li>Die gemeinsame Nutzung von Daten wird untersucht<\/li>\n<\/ul>\n<p><strong>Untersuchtes Ziel<\/strong><\/p>\n<ul>\n<li>Name: e_wp<\/li>\n<li>L\u00e4uft ab:<\/li>\n<li>Funktion:<\/li>\n<li>Name: i18nextLng<\/li>\n<li>L\u00e4uft ab:<\/li>\n<li>Funktion:<\/li>\n<li>Name: WP_DATA_USER_2<\/li>\n<li>L\u00e4uft ab:<\/li>\n<li>Funktion:<\/li>\n<li>Name: e_kit-elements-defaults<\/li>\n<li>L\u00e4uft ab:<\/li>\n<li>Funktion:<\/li>\n<li>Name: jetDasboardData<\/li>\n<li>L\u00e4uft ab:<\/li>\n<li>Funktion:<\/li>\n<li>Name: interface-builder<\/li>\n<li>L\u00e4uft ab:<\/li>\n<li>Funktion:<\/li>\n<\/ul>\n<h3><strong>7. Einverst\u00e4ndnis<\/strong><\/h3>\n<p>Wenn Sie unsere Webseite zum ersten Mal besuchen, wird Ihnen ein Pop-up-Fenster mit einer Erkl\u00e4rung zu Cookies angezeigt. Wenn Sie auf \u201eEinstellungen speichern\u201c klicken, erkl\u00e4ren Sie sich damit einverstanden, dass wir die im Pop-up-Fenster ausgew\u00e4hlten Kategorien von Cookies und Modulen wie in dieser Cookie-Richtlinie beschrieben verwenden. Sie k\u00f6nnen die Verwendung von Cookies in dem von Ihnen verwendeten Browser blockieren, aber bitte beachten Sie, dass unsere Webseite in diesem Fall m\u00f6glicherweise nicht ordnungsgem\u00e4\u00df funktioniert.  <\/p>\n<p><strong>7.1 Verwalten der Zustimmungseinstellungen<\/strong><\/p>\n<p><strong>Funktionell<\/strong><\/p>\n<ul>\n<li>Immer aktiv\n<ul>\n<li>Die technische Speicherung oder der Zugriff ist unbedingt erforderlich f\u00fcr den legitimen Zweck, die Nutzung eines bestimmten Dienstes zu erm\u00f6glichen, der von einem Abonnenten oder Nutzer ausdr\u00fccklich angefordert wurde, oder f\u00fcr den alleinigen Zweck, die \u00dcbertragung einer Nachricht \u00fcber ein elektronisches Kommunikationsnetz durchzuf\u00fchren.<\/li>\n<\/ul>\n<\/li>\n<\/ul>\n<p><strong>Pr\u00e4ferenzen<\/strong><\/p>\n<ul>\n<li>Preferin\u021be\n<ul>\n<li>Die technische Speicherung oder der Zugriff ist f\u00fcr den rechtm\u00e4\u00dfigen Zweck der Speicherung von Pr\u00e4ferenzen erforderlich, die nicht vom Abonnenten oder Benutzer angefordert wurden.<\/li>\n<\/ul>\n<\/li>\n<\/ul>\n<p><strong>Vermarktung<\/strong><\/p>\n<ul>\n<li>Vermarktung\n<ul>\n<li>Die technische Speicherung oder der Zugriff ist erforderlich, um Nutzerprofile zu erstellen, an die wir Werbung senden, oder um den Nutzer auf einer oder mehreren Webseites zu \u00e4hnlichen Marketingzwecken zu verfolgen.<\/li>\n<\/ul>\n<\/li>\n<\/ul>\n<h3><strong>8. Aktivieren\/Deaktivieren und L\u00f6schen von Cookies<\/strong><\/h3>\n<p>Sie k\u00f6nnen Ihren Internetbrowser verwenden, um Cookies automatisch oder manuell zu l\u00f6schen. Sie k\u00f6nnen auch festlegen, dass bestimmte Cookies nicht gesetzt werden k\u00f6nnen. Eine weitere M\u00f6glichkeit besteht darin, die Einstellungen Ihres Webbrowsers so zu \u00e4ndern, dass Sie jedes Mal, wenn ein Cookie gesetzt wird, eine Meldung erhalten. Weitere Informationen zu diesen Optionen finden Sie in den Anweisungen im Hilfebereich Ihres Browsers.   <\/p>\n<p>Bitte beachten Sie, dass unsere Webseite m\u00f6glicherweise nicht richtig funktioniert, wenn alle Cookies deaktiviert sind. Wenn Sie die Cookies in Ihrem Browser l\u00f6schen, werden sie nach Ihrer Zustimmung erneut gesetzt, wenn Sie unsere Webseite erneut besuchen. <\/p>\n<h3><strong>9. Ihre Rechte in Bezug auf Ihre pers\u00f6nlichen Daten<\/strong><\/h3>\n<p>Sie haben die folgenden Rechte in Bezug auf Ihre personenbezogenen Daten:<\/p>\n<ul>\n<li>Sie haben das Recht zu erfahren, wozu Ihre personenbezogenen Daten ben\u00f6tigt werden, was wir mit ihnen machen und wie lange sie aufbewahrt werden.<\/li>\n<li>Auskunftsrecht: Sie haben das Recht, auf Ihre von uns erhobenen personenbezogenen Daten zuzugreifen.<\/li>\n<li>Recht auf Berichtigung: Sie haben jederzeit das Recht auf Vervollst\u00e4ndigung, Berichtigung, L\u00f6schung oder Sperrung Ihrer personenbezogenen Daten.<\/li>\n<li>Wenn Sie uns Ihre Einwilligung zur Verarbeitung Ihrer Daten gegeben haben, haben Sie das Recht, Ihre Einwilligung zu widerrufen und die L\u00f6schung aller personenbezogenen Daten zu verlangen.<\/li>\n<li>Recht auf Daten\u00fcbertragbarkeit: Sie haben das Recht, alle Ihre personenbezogenen Daten von dem f\u00fcr die Verarbeitung Verantwortlichen anzufordern und sie in ihrer Gesamtheit an einen anderen f\u00fcr die Verarbeitung Verantwortlichen zu \u00fcbertragen.<\/li>\n<li>Recht auf Widerspruch: Sie k\u00f6nnen gegen die Verarbeitung Ihrer Daten Widerspruch einlegen. Wir respektieren dies, es sei denn, es liegen berechtigte Gr\u00fcnde f\u00fcr die Verarbeitung vor. <\/li>\n<\/ul>\n<p>Um diese Rechte auszu\u00fcben, wenden Sie sich bitte an uns. Bitte verwenden Sie die Kontaktangaben am Ende dieser Cookie-Richtlinie. Wenn Sie sich \u00fcber die Art und Weise beschweren m\u00f6chten, wie wir Ihre Daten verarbeiten, w\u00fcrden wir uns freuen, von Ihnen zu h\u00f6ren, aber Sie haben auch das Recht, eine Beschwerde bei der Aufsichtsbeh\u00f6rde (der nationalen Aufsichtsbeh\u00f6rde f\u00fcr die Verarbeitung personenbezogener Daten) einzureichen.  <\/p>\n<h3><strong>10. Kontaktangaben<\/strong><\/h3>\n<p>Wenn Sie Fragen und\/oder Anmerkungen zu unserer Cookie-Richtlinie und dieser Erkl\u00e4rung haben, wenden Sie sich bitte an die folgenden Kontaktinformationen:<\/p>\n<p><strong>SIMTEL TEAM SA<br \/><\/strong>Bukarest, 6. Stadtbezirk, Splaiul Independen\u021bei, Nr. 319L, Geb\u00e4ude Bruxelles (Abschnitt B), Eingang A, Erdgeschoss<br \/>Rum\u00e4nien<br \/>Webseite: <a href=\"https:\/\/simtel.ro\/de\/\">https:\/\/simtel.ro<br \/><\/a>E-Mail: office@simtel.ro<br \/>Telefonnummer: +40 374 490 286<\/p>\n<p>Diese Cookie-Richtlinie wurde am <span style=\"text-decoration: underline;\"><em>10.07.2024<\/em><\/span> mit cookiedatabase.org synchronisiert.<\/p>\n\t\t\t\t\t\t<\/div>\n\t\t\t\t<\/div>\n\t\t\t\t<div class=\"elementor-element elementor-element-7a44baa8 elementor-hidden-widescreen elementor-hidden-desktop elementor-hidden-laptop elementor-hidden-tablet elementor-hidden-mobile elementor-widget elementor-widget-shortcode\" data-id=\"7a44baa8\" data-element_type=\"widget\" data-widget_type=\"shortcode.default\">\n\t\t\t\t<div class=\"elementor-widget-container\">\n\t\t\t\t\t<div class=\"elementor-shortcode\">[cmplz-document type=\"cookie-statement\" region=\"eu\"]<\/div>\n\t\t\t\t<\/div>\n\t\t\t\t<\/div>\n\t\t\t\t\t<\/div>\n\t\t\t\t<\/div>\n\t\t<div class=\"elementor-element elementor-element-919637a e-flex e-con-boxed elementor-invisible e-con e-parent\" data-id=\"919637a\" data-element_type=\"container\" data-settings=\"{&quot;jet_parallax_layout_list&quot;:[],&quot;animation&quot;:&quot;fadeInUp&quot;,&quot;animation_delay&quot;:0}\">\n\t\t\t\t\t<div class=\"e-con-inner\">\n\t\t<div class=\"elementor-element elementor-element-8eb675e e-con-full e-flex e-con e-child\" data-id=\"8eb675e\" data-element_type=\"container\" data-settings=\"{&quot;background_background&quot;:&quot;classic&quot;,&quot;jet_parallax_layout_list&quot;:[]}\">\n\t\t\t\t<div class=\"elementor-element elementor-element-61dbacf elementor-widget-laptop__width-initial elementor-widget-mobile__width-initial elementor-widget__width-initial elementor-widget elementor-widget-heading\" data-id=\"61dbacf\" data-element_type=\"widget\" data-widget_type=\"heading.default\">\n\t\t\t\t<div class=\"elementor-widget-container\">\n\t\t\t<style>\/*! elementor - v3.23.0 - 05-08-2024 *\/\n.elementor-heading-title{padding:0;margin:0;line-height:1}.elementor-widget-heading .elementor-heading-title[class*=elementor-size-]>a{color:inherit;font-size:inherit;line-height:inherit}.elementor-widget-heading .elementor-heading-title.elementor-size-small{font-size:15px}.elementor-widget-heading .elementor-heading-title.elementor-size-medium{font-size:19px}.elementor-widget-heading .elementor-heading-title.elementor-size-large{font-size:29px}.elementor-widget-heading .elementor-heading-title.elementor-size-xl{font-size:39px}.elementor-widget-heading .elementor-heading-title.elementor-size-xxl{font-size:59px}<\/style><h2 class=\"elementor-heading-title elementor-size-default\">Haben Sie Fragen oder Anregungen?<\/h2>\t\t<\/div>\n\t\t\t\t<\/div>\n\t\t\t\t<div class=\"elementor-element elementor-element-ff189c2 elementor-widget__width-initial elementor-widget elementor-widget-text-editor\" data-id=\"ff189c2\" data-element_type=\"widget\" data-widget_type=\"text-editor.default\">\n\t\t\t\t<div class=\"elementor-widget-container\">\n\t\t\t\t\t\t\t<p>Wir sind f\u00fcr Sie da.<\/p>\n\t\t\t\t\t\t<\/div>\n\t\t\t\t<\/div>\n\t\t\t\t<div class=\"elementor-element elementor-element-3c4a1f4 elementor-align-left elementor-widget elementor-widget-button\" data-id=\"3c4a1f4\" data-element_type=\"widget\" data-widget_type=\"button.default\">\n\t\t\t\t<div class=\"elementor-widget-container\">\n\t\t\t\t\t<div class=\"elementor-button-wrapper\">\n\t\t\t<a class=\"elementor-button elementor-button-link elementor-size-sm\" href=\"https:\/\/simtel.ro\/de\/kontakt\/\" id=\"cta_contact_banner\">\n\t\t\t\t\t\t<span class=\"elementor-button-content-wrapper\">\n\t\t\t\t\t\t<span class=\"elementor-button-icon\">\n\t\t\t\t<svg xmlns=\"http:\/\/www.w3.org\/2000\/svg\" width=\"33\" height=\"33\" viewBox=\"0 0 33 33\" fill=\"none\"><g clip-path=\"url(#clip0_3_53756)\"><g clip-path=\"url(#clip1_3_53756)\"><path d=\"M22.6245 6.85854C22.6245 6.85848 22.6247 6.85859 22.6245 6.85854C22.1199 6.99685 21.6345 7.23745 21.1989 7.58354C20.8241 7.88134 20.517 8.2329 20.2801 8.61853C20.2798 8.61837 20.2803 8.61861 20.2801 8.61853C20.517 8.2329 20.8241 7.88134 21.1989 7.58354C21.6345 7.23745 22.1199 6.99685 22.6245 6.85854Z\" fill=\"#273F2B\"><\/path><path d=\"M19.4917 5.54057C18.6315 5.3269 17.7318 5.2135 16.8056 5.2135C10.6727 5.2135 5.70105 10.1851 5.70105 16.318C5.70105 18.2086 6.17348 19.9888 7.00673 21.5469L5.70105 27.4226L11.5766 26.1169C13.1349 26.9502 14.915 27.4226 16.8056 27.4226C22.9384 27.4226 27.9101 22.4508 27.9101 16.318C27.9101 16.1623 27.9069 16.0074 27.9006 15.8532C27.8738 15.8751 27.8469 15.8969 27.8197 15.9184C27.0258 16.5491 26.1323 16.9693 25.2066 17.1867C24.7718 21.4427 21.1764 24.7632 16.8056 24.7632C15.3631 24.7632 14.0126 24.4038 12.8307 23.7718L11.9618 23.3071L9.2036 23.92L9.81648 21.1619L9.35184 20.2929C8.71984 19.1111 8.36037 17.7605 8.36037 16.318C8.36037 11.6539 12.1414 7.87282 16.8056 7.87282C17.0878 7.87282 17.367 7.88668 17.6421 7.91373C18.0556 7.01851 18.675 6.20227 19.4917 5.54057Z\" fill=\"#273F2B\"><\/path><path d=\"M21.1991 7.58354C19.4729 8.95494 19.1852 11.4661 20.5566 13.1923C21.928 14.9185 24.4391 15.2062 26.1654 13.8348C27.8916 12.4634 28.1793 9.95229 26.8079 8.22605C25.4365 6.49981 22.9254 6.21215 21.1991 7.58354Z\" fill=\"#142828\"><\/path><\/g><\/g><defs><clipPath id=\"clip0_3_53756\"><rect width=\"32\" height=\"32\" fill=\"white\" transform=\"translate(0.5 0.261597)\"><\/rect><\/clipPath><clipPath id=\"clip1_3_53756\"><rect width=\"32\" height=\"32\" fill=\"white\" transform=\"translate(0.5 0.261597)\"><\/rect><\/clipPath><\/defs><\/svg>\t\t\t<\/span>\n\t\t\t\t\t\t\t\t\t<span class=\"elementor-button-text\">Kontaktieren Sie uns<\/span>\n\t\t\t\t\t<\/span>\n\t\t\t\t\t<\/a>\n\t\t<\/div>\n\t\t\t\t<\/div>\n\t\t\t\t<\/div>\n\t\t\t\t<\/div>\n\t\t\t\t\t<\/div>\n\t\t\t\t<\/div>\n\t\t\t\t<\/div>\n\t\t","protected":false},"excerpt":{"rendered":"<p>Diese Cookie-Richtlinie wurde zuletzt am 10.07.2024 aktualisiert und gilt f\u00fcr B\u00fcrger und st\u00e4ndige Einwohner des Europ\u00e4ischen Wirtschaftsraums und der Schweiz. 1. Einf\u00fchrung Unsere Webseite https:\/\/simtel.ro (im Folgenden als \u201eWebseite\u201c bezeichnet) verwendet Cookies und andere \u00e4hnliche Technologien (der Einfachheit halber werden alle Technologien im Folgenden als \u201eCookies\u201c bezeichnet). Cookies werden auch von Dritten gesetzt, mit denen [&hellip;]<\/p>\n","protected":false},"author":2,"featured_media":0,"parent":0,"menu_order":0,"comment_status":"closed","ping_status":"closed","template":"","meta":{"_jf_save_progress":"","footnotes":"","_links_to":"","_links_to_target":""},"class_list":["post-16214","page","type-page","status-publish","hentry"],"_links":{"self":[{"href":"https:\/\/simtel.ro\/de\/wp-json\/wp\/v2\/pages\/16214","targetHints":{"allow":["GET"]}}],"collection":[{"href":"https:\/\/simtel.ro\/de\/wp-json\/wp\/v2\/pages"}],"about":[{"href":"https:\/\/simtel.ro\/de\/wp-json\/wp\/v2\/types\/page"}],"author":[{"embeddable":true,"href":"https:\/\/simtel.ro\/de\/wp-json\/wp\/v2\/users\/2"}],"replies":[{"embeddable":true,"href":"https:\/\/simtel.ro\/de\/wp-json\/wp\/v2\/comments?post=16214"}],"version-history":[{"count":4,"href":"https:\/\/simtel.ro\/de\/wp-json\/wp\/v2\/pages\/16214\/revisions"}],"predecessor-version":[{"id":17703,"href":"https:\/\/simtel.ro\/de\/wp-json\/wp\/v2\/pages\/16214\/revisions\/17703"}],"wp:attachment":[{"href":"https:\/\/simtel.ro\/de\/wp-json\/wp\/v2\/media?parent=16214"}],"curies":[{"name":"wp","href":"https:\/\/api.w.org\/{rel}","templated":true}]}}